{"id":14,"date":"2025-07-14T15:49:46","date_gmt":"2025-07-14T15:49:46","guid":{"rendered":"https:\/\/xn--colibrstudio-xfb.com\/web\/about-us\/"},"modified":"2025-08-14T16:07:22","modified_gmt":"2025-08-14T16:07:22","slug":"acerca-de","status":"publish","type":"page","link":"https:\/\/xn--colibrstudio-xfb.com\/web\/acerca-de\/","title":{"rendered":"Acerca de"},"content":{"rendered":"\t\t<div data-elementor-type=\"wp-page\" data-elementor-id=\"14\" class=\"elementor elementor-14\">\n\t\t\t\t<div class=\"elementor-element elementor-element-33b11f6 e-flex e-con-boxed e-con e-parent\" data-id=\"33b11f6\" data-element_type=\"container\" data-e-type=\"container\" data-settings=\"{&quot;background_background&quot;:&quot;classic&quot;}\">\n\t\t\t\t\t<div class=\"e-con-inner\">\n\t\t<div class=\"elementor-element elementor-element-032933a e-con-full e-flex e-con e-child\" data-id=\"032933a\" data-element_type=\"container\" data-e-type=\"container\">\n\t\t\t\t<div class=\"elementor-element elementor-element-671748a elementor-widget-divider--view-line elementor-widget elementor-widget-divider\" data-id=\"671748a\" data-element_type=\"widget\" data-e-type=\"widget\" data-widget_type=\"divider.default\">\n\t\t\t\t<div class=\"elementor-widget-container\">\n\t\t\t\t\t\t\t<div class=\"elementor-divider\">\n\t\t\t<span class=\"elementor-divider-separator\">\n\t\t\t\t\t\t<\/span>\n\t\t<\/div>\n\t\t\t\t\t\t<\/div>\n\t\t\t\t<\/div>\n\t\t\t\t<\/div>\n\t\t<div class=\"elementor-element elementor-element-9aaf5bf e-con-full e-flex e-con e-child\" data-id=\"9aaf5bf\" data-element_type=\"container\" data-e-type=\"container\">\n\t\t\t\t<div class=\"elementor-element elementor-element-ee3a822 elementor-widget elementor-widget-heading\" data-id=\"ee3a822\" data-element_type=\"widget\" data-e-type=\"widget\" data-widget_type=\"heading.default\">\n\t\t\t\t<div class=\"elementor-widget-container\">\n\t\t\t\t\t<h1 class=\"elementor-heading-title elementor-size-default\">Acerca<br>de<\/h1>\t\t\t\t<\/div>\n\t\t\t\t<\/div>\n\t\t\t\t<\/div>\n\t\t\t\t\t<\/div>\n\t\t\t\t<\/div>\n\t\t<div class=\"elementor-element elementor-element-9a69dbc e-flex e-con-boxed e-con e-parent\" data-id=\"9a69dbc\" data-element_type=\"container\" data-e-type=\"container\">\n\t\t\t\t\t<div class=\"e-con-inner\">\n\t\t<div class=\"elementor-element elementor-element-19179c6 e-con-full e-flex e-con e-child\" data-id=\"19179c6\" data-element_type=\"container\" data-e-type=\"container\">\n\t\t\t\t<div class=\"elementor-element elementor-element-c55f880 elementor-widget elementor-widget-heading\" data-id=\"c55f880\" data-element_type=\"widget\" data-e-type=\"widget\" data-widget_type=\"heading.default\">\n\t\t\t\t<div class=\"elementor-widget-container\">\n\t\t\t\t\t<h2 class=\"elementor-heading-title elementor-size-default\">Qui\u00e9nes somos?<\/h2>\t\t\t\t<\/div>\n\t\t\t\t<\/div>\n\t\t\t\t<\/div>\n\t\t\t\t\t<\/div>\n\t\t\t\t<\/div>\n\t\t<div class=\"elementor-element elementor-element-2bd8c48 e-flex e-con-boxed e-con e-parent\" data-id=\"2bd8c48\" data-element_type=\"container\" data-e-type=\"container\">\n\t\t\t\t\t<div class=\"e-con-inner\">\n\t\t<div class=\"elementor-element elementor-element-3e4c2b2 e-con-full e-flex e-con e-child\" data-id=\"3e4c2b2\" data-element_type=\"container\" data-e-type=\"container\">\n\t\t<div class=\"elementor-element elementor-element-e41bfde e-con-full e-flex e-con e-child\" data-id=\"e41bfde\" data-element_type=\"container\" data-e-type=\"container\">\n\t\t<div class=\"elementor-element elementor-element-bff0d4c e-con-full e-flex e-con e-child\" data-id=\"bff0d4c\" data-element_type=\"container\" data-e-type=\"container\">\n\t\t\t\t<div class=\"elementor-element elementor-element-e3c5557 elementor-widget elementor-widget-heading\" data-id=\"e3c5557\" data-element_type=\"widget\" data-e-type=\"widget\" data-widget_type=\"heading.default\">\n\t\t\t\t<div class=\"elementor-widget-container\">\n\t\t\t\t\t<h3 class=\"elementor-heading-title elementor-size-default\"> \"Somos un equipo apasionado y con experiencia real en el ecosistema emprendedor. Te acompa\u00f1amos en cada paso, brind\u00e1ndote asesoramiento estrat\u00e9gico y un trato personalizado. Tu \u00e9xito es nuestra prioridad.\" <br>\n\n\n<\/h3>\t\t\t\t<\/div>\n\t\t\t\t<\/div>\n\t\t\t\t<\/div>\n\t\t\t\t<\/div>\n\t\t<div class=\"elementor-element elementor-element-acfd1de e-con-full e-flex e-con e-child\" data-id=\"acfd1de\" data-element_type=\"container\" data-e-type=\"container\">\n\t\t\t\t<\/div>\n\t\t\t\t<\/div>\n\t\t\t\t\t<\/div>\n\t\t\t\t<\/div>\n\t\t<div class=\"elementor-element elementor-element-8d10edf e-flex e-con-boxed e-con e-parent\" data-id=\"8d10edf\" data-element_type=\"container\" data-e-type=\"container\">\n\t\t\t\t\t<div class=\"e-con-inner\">\n\t\t<div class=\"elementor-element elementor-element-3b968c6 e-con-full e-flex e-con e-child\" data-id=\"3b968c6\" data-element_type=\"container\" data-e-type=\"container\">\n\t\t\t\t<div class=\"elementor-element elementor-element-305f089 elementor-widget elementor-widget-heading\" data-id=\"305f089\" data-element_type=\"widget\" data-e-type=\"widget\" data-widget_type=\"heading.default\">\n\t\t\t\t<div class=\"elementor-widget-container\">\n\t\t\t\t\t<h2 class=\"elementor-heading-title elementor-size-default\">Nuestro Equipo<\/h2>\t\t\t\t<\/div>\n\t\t\t\t<\/div>\n\t\t\t\t<\/div>\n\t\t\t\t\t<\/div>\n\t\t\t\t<\/div>\n\t\t<div class=\"elementor-element elementor-element-df6f0c2 e-flex e-con-boxed e-con e-parent\" data-id=\"df6f0c2\" data-element_type=\"container\" data-e-type=\"container\">\n\t\t\t\t\t<div class=\"e-con-inner\">\n\t\t<div class=\"elementor-element elementor-element-626e41c e-con-full e-flex e-con e-child\" data-id=\"626e41c\" data-element_type=\"container\" data-e-type=\"container\">\n\t\t\t\t<\/div>\n\t\t<div class=\"elementor-element elementor-element-32b1496 e-con-full e-flex e-con e-child\" data-id=\"32b1496\" data-element_type=\"container\" data-e-type=\"container\">\n\t\t<div class=\"elementor-element elementor-element-9419298 e-con-full e-flex e-con e-child\" data-id=\"9419298\" data-element_type=\"container\" data-e-type=\"container\">\n\t\t<div class=\"elementor-element elementor-element-2f29111 e-con-full e-flex e-con e-child\" data-id=\"2f29111\" data-element_type=\"container\" data-e-type=\"container\">\n\t\t\t\t<div class=\"elementor-element elementor-element-e308aeb elementor-widget elementor-widget-image\" data-id=\"e308aeb\" data-element_type=\"widget\" data-e-type=\"widget\" data-widget_type=\"image.default\">\n\t\t\t\t<div class=\"elementor-widget-container\">\n\t\t\t\t\t\t\t\t\t\t\t\t\t\t\t<img fetchpriority=\"high\" decoding=\"async\" width=\"320\" height=\"320\" src=\"https:\/\/xn--colibrstudio-xfb.com\/web\/wp-content\/uploads\/2025\/07\/FotopERFIL5.png\" class=\"attachment-full size-full wp-image-1173\" alt=\"fotoperfil(5)\" srcset=\"https:\/\/xn--colibrstudio-xfb.com\/web\/wp-content\/uploads\/2025\/07\/FotopERFIL5.png 320w, https:\/\/xn--colibrstudio-xfb.com\/web\/wp-content\/uploads\/2025\/07\/FotopERFIL5-300x300.png 300w, https:\/\/xn--colibrstudio-xfb.com\/web\/wp-content\/uploads\/2025\/07\/FotopERFIL5-150x150.png 150w\" sizes=\"(max-width: 320px) 100vw, 320px\" title=\"Acerca de\">\t\t\t\t\t\t\t\t\t\t\t\t\t\t\t<\/div>\n\t\t\t\t<\/div>\n\t\t\t\t<div class=\"elementor-element elementor-element-14a807b elementor-widget elementor-widget-heading\" data-id=\"14a807b\" data-element_type=\"widget\" data-e-type=\"widget\" data-widget_type=\"heading.default\">\n\t\t\t\t<div class=\"elementor-widget-container\">\n\t\t\t\t\t<h4 class=\"elementor-heading-title elementor-size-default\">Natalia Torres<\/h4>\t\t\t\t<\/div>\n\t\t\t\t<\/div>\n\t\t\t\t<div class=\"elementor-element elementor-element-a32db2a elementor-widget elementor-widget-heading\" data-id=\"a32db2a\" data-element_type=\"widget\" data-e-type=\"widget\" data-widget_type=\"heading.default\">\n\t\t\t\t<div class=\"elementor-widget-container\">\n\t\t\t\t\t<h6 class=\"elementor-heading-title elementor-size-default\">Desarrollo Web - Dise\u00f1o UX \/Ui<\/h6>\t\t\t\t<\/div>\n\t\t\t\t<\/div>\n\t\t\t\t<\/div>\n\t\t<div class=\"elementor-element elementor-element-81195a6 e-con-full e-flex e-con e-child\" data-id=\"81195a6\" data-element_type=\"container\" data-e-type=\"container\">\n\t\t\t\t<div class=\"elementor-element elementor-element-c9d039d elementor-widget elementor-widget-image\" data-id=\"c9d039d\" data-element_type=\"widget\" data-e-type=\"widget\" data-widget_type=\"image.default\">\n\t\t\t\t<div class=\"elementor-widget-container\">\n\t\t\t\t\t\t\t\t\t\t\t\t\t\t\t<img decoding=\"async\" width=\"320\" height=\"320\" src=\"https:\/\/xn--colibrstudio-xfb.com\/web\/wp-content\/uploads\/2025\/07\/FotopERFIL4.png\" class=\"attachment-full size-full wp-image-1172\" alt=\"fotoperfil(4)\" srcset=\"https:\/\/xn--colibrstudio-xfb.com\/web\/wp-content\/uploads\/2025\/07\/FotopERFIL4.png 320w, https:\/\/xn--colibrstudio-xfb.com\/web\/wp-content\/uploads\/2025\/07\/FotopERFIL4-300x300.png 300w, https:\/\/xn--colibrstudio-xfb.com\/web\/wp-content\/uploads\/2025\/07\/FotopERFIL4-150x150.png 150w\" sizes=\"(max-width: 320px) 100vw, 320px\" title=\"Acerca de\">\t\t\t\t\t\t\t\t\t\t\t\t\t\t\t<\/div>\n\t\t\t\t<\/div>\n\t\t\t\t<div class=\"elementor-element elementor-element-fc2a0f6 elementor-widget elementor-widget-heading\" data-id=\"fc2a0f6\" data-element_type=\"widget\" data-e-type=\"widget\" data-widget_type=\"heading.default\">\n\t\t\t\t<div class=\"elementor-widget-container\">\n\t\t\t\t\t<h4 class=\"elementor-heading-title elementor-size-default\">Mariana Sanchez<\/h4>\t\t\t\t<\/div>\n\t\t\t\t<\/div>\n\t\t\t\t<div class=\"elementor-element elementor-element-2902ba3 elementor-widget elementor-widget-heading\" data-id=\"2902ba3\" data-element_type=\"widget\" data-e-type=\"widget\" data-widget_type=\"heading.default\">\n\t\t\t\t<div class=\"elementor-widget-container\">\n\t\t\t\t\t<h6 class=\"elementor-heading-title elementor-size-default\">Marketing Digital<\/h6>\t\t\t\t<\/div>\n\t\t\t\t<\/div>\n\t\t\t\t<\/div>\n\t\t\t\t<\/div>\n\t\t\t\t<\/div>\n\t\t\t\t\t<\/div>\n\t\t\t\t<\/div>\n\t\t\t\t<\/div>\n\t\t","protected":false},"excerpt":{"rendered":"<p>Acercade Qui\u00e9nes somos? \u00abSomos un equipo apasionado y con experiencia real en el ecosistema emprendedor. Te acompa\u00f1amos en cada paso, brind\u00e1ndote asesoramiento estrat\u00e9gico y un trato personalizado. Tu \u00e9xito es nuestra prioridad.\u00bb Nuestro Equipo Natalia Torres Desarrollo Web &#8211; Dise\u00f1o UX \/Ui Mariana Sanchez Marketing Digital<\/p>\n","protected":false},"author":2,"featured_media":0,"parent":0,"menu_order":0,"comment_status":"closed","ping_status":"closed","template":"","meta":{"site-sidebar-layout":"no-sidebar","site-content-layout":"page-builder","ast-site-content-layout":"full-width-container","site-content-style":"unboxed","site-sidebar-style":"unboxed","ast-global-header-display":"","ast-banner-title-visibility":"","ast-main-header-display":"","ast-hfb-above-header-display":"","ast-hfb-below-header-display":"","ast-hfb-mobile-header-display":"","site-post-title":"disabled","ast-breadcrumbs-content":"disabled","ast-featured-img":"disabled","footer-sml-layout":"","ast-disable-related-posts":"","theme-transparent-header-meta":"enabled","adv-header-id-meta":"","stick-header-meta":"","header-above-stick-meta":"","header-main-stick-meta":"","header-below-stick-meta":"","astra-migrate-meta-layouts":"set","ast-page-background-enabled":"default","ast-page-background-meta":{"desktop":{"background-color":"","background-image":"","background-repeat":"repeat","background-position":"center center","background-size":"auto","background-attachment":"scroll","background-type":"","background-media":"","overlay-type":"","overlay-color":"","overlay-opacity":"","overlay-gradient":""},"tablet":{"background-color":"","background-image":"","background-repeat":"repeat","background-position":"center center","background-size":"auto","background-attachment":"scroll","background-type":"","background-media":"","overlay-type":"","overlay-color":"","overlay-opacity":"","overlay-gradient":""},"mobile":{"background-color":"","background-image":"","background-repeat":"repeat","background-position":"center center","background-size":"auto","background-attachment":"scroll","background-type":"","background-media":"","overlay-type":"","overlay-color":"","overlay-opacity":"","overlay-gradient":""}},"ast-content-background-meta":{"desktop":{"background-color":"var(--ast-global-color-5)","background-image":"","background-repeat":"repeat","background-position":"center center","background-size":"auto","background-attachment":"scroll","background-type":"","background-media":"","overlay-type":"","overlay-color":"","overlay-opacity":"","overlay-gradient":""},"tablet":{"background-color":"var(--ast-global-color-5)","background-image":"","background-repeat":"repeat","background-position":"center center","background-size":"auto","background-attachment":"scroll","background-type":"","background-media":"","overlay-type":"","overlay-color":"","overlay-opacity":"","overlay-gradient":""},"mobile":{"background-color":"var(--ast-global-color-5)","background-image":"","background-repeat":"repeat","background-position":"center center","background-size":"auto","background-attachment":"scroll","background-type":"","background-media":"","overlay-type":"","overlay-color":"","overlay-opacity":"","overlay-gradient":""}},"_joinchat":[],"footnotes":""},"class_list":["post-14","page","type-page","status-publish","hentry"],"_links":{"self":[{"href":"https:\/\/xn--colibrstudio-xfb.com\/web\/wp-json\/wp\/v2\/pages\/14","targetHints":{"allow":["GET"]}}],"collection":[{"href":"https:\/\/xn--colibrstudio-xfb.com\/web\/wp-json\/wp\/v2\/pages"}],"about":[{"href":"https:\/\/xn--colibrstudio-xfb.com\/web\/wp-json\/wp\/v2\/types\/page"}],"author":[{"embeddable":true,"href":"https:\/\/xn--colibrstudio-xfb.com\/web\/wp-json\/wp\/v2\/users\/2"}],"replies":[{"embeddable":true,"href":"https:\/\/xn--colibrstudio-xfb.com\/web\/wp-json\/wp\/v2\/comments?post=14"}],"version-history":[{"count":13,"href":"https:\/\/xn--colibrstudio-xfb.com\/web\/wp-json\/wp\/v2\/pages\/14\/revisions"}],"predecessor-version":[{"id":1383,"href":"https:\/\/xn--colibrstudio-xfb.com\/web\/wp-json\/wp\/v2\/pages\/14\/revisions\/1383"}],"wp:attachment":[{"href":"https:\/\/xn--colibrstudio-xfb.com\/web\/wp-json\/wp\/v2\/media?parent=14"}],"curies":[{"name":"wp","href":"https:\/\/api.w.org\/{rel}","templated":true}]}}